{"id":15,"date":"2011-09-09T18:31:30","date_gmt":"2011-09-09T18:31:30","guid":{"rendered":"http:\/\/eeao.de\/wordpress\/?page_id=15"},"modified":"2024-04-07T12:05:30","modified_gmt":"2024-04-07T10:05:30","slug":"orchester","status":"publish","type":"page","link":"https:\/\/eeao.de\/wordpress\/orchester\/","title":{"rendered":"Orchester"},"content":{"rendered":"\n<figure class=\"wp-block-image size-large\"><a href=\"https:\/\/eeao.de\/wordpress\/wp-content\/uploads\/2023\/10\/Vorab-Bild1-scaled.jpg\"><img loading=\"lazy\" decoding=\"async\" width=\"1024\" height=\"683\" src=\"https:\/\/eeao.de\/wordpress\/wp-content\/uploads\/2023\/10\/Vorab-Bild1-1024x683.jpg\" alt=\"\" class=\"wp-image-684\" srcset=\"https:\/\/eeao.de\/wordpress\/wp-content\/uploads\/2023\/10\/Vorab-Bild1-1024x683.jpg 1024w, https:\/\/eeao.de\/wordpress\/wp-content\/uploads\/2023\/10\/Vorab-Bild1-300x200.jpg 300w, https:\/\/eeao.de\/wordpress\/wp-content\/uploads\/2023\/10\/Vorab-Bild1-768x513.jpg 768w, https:\/\/eeao.de\/wordpress\/wp-content\/uploads\/2023\/10\/Vorab-Bild1-1536x1025.jpg 1536w, https:\/\/eeao.de\/wordpress\/wp-content\/uploads\/2023\/10\/Vorab-Bild1-2048x1367.jpg 2048w\" sizes=\"auto, (max-width: 767px) 89vw, (max-width: 1000px) 54vw, (max-width: 1071px) 543px, 580px\" \/><\/a><figcaption class=\"wp-element-caption\">Das Orchester nach einem Auftritt auf Zeche Zollverein im Oktober 2023.<\/figcaption><\/figure>\n\n\n<p>Das Erste Essener Akkordeon-Orchester e.V. (EEAO) wurde 1952 gegr\u00fcndet und besteht zurzeit aus \u00fcber 25 aktiven Spielern. Im Jahr 2018 hat Peter Lohmar die musikalische Leitung des Orchesters \u00fcbernommen\u00a0 <a href=\"http:\/\/eeao.de\/wordpress\/2018\/01\/08\/dirigentenwechsel-beim-ersten-essener-akkordeon-orchester-e-v\/\">(Link zum Beitrag)<\/a>.<\/p>\n<p>Als ein national und international bekanntes Orchester gastierten wir bereits in vielen L\u00e4ndern wie Holland, Frankreich, Schweiz, Italien, Ungarn, \u00d6sterreich, Polen, Litauen, Russland, Finnland, D\u00e4nemark, England und Brasilien. Gro\u00dfe Erfolge konnten wir bei Wertungsspielen verzeichnen; hier errangen wir mehrfach erste Preise bei Bezirks- und Landestreffen. An dem alle drei Jahre stattfindenden internationalen Akkordeonfestival in Innsbruck konnten wir regelm\u00e4\u00dfig sehr erfolgreich teilnehmen.<\/p>\n<p>Selbstverst\u00e4ndlich k\u00f6nnen Sie uns buchen:<br \/>Rufen Sie uns an (+49 201 9466088) oder schreiben Sie uns (eeao[at]gmx.de)!<\/p>\n<p>Das Erste Essener Akkordeon-Orchester ist Mitglied im:<\/p>\n<ul>\n<li>DHV (Deutscher Harmonika Verband e.V.)<\/li>\n<li>SEJ (Stadtverband Essener Jugendverb\u00e4nde)<\/li>\n<\/ul>\n\n\n<figure class=\"wp-block-image size-large\"><a href=\"https:\/\/eeao.de\/wordpress\/wp-content\/uploads\/2023\/10\/Vorab-Bild2-scaled.jpg\"><img loading=\"lazy\" decoding=\"async\" width=\"1024\" height=\"684\" src=\"https:\/\/eeao.de\/wordpress\/wp-content\/uploads\/2023\/10\/Vorab-Bild2-1024x684.jpg\" alt=\"\" class=\"wp-image-685\" srcset=\"https:\/\/eeao.de\/wordpress\/wp-content\/uploads\/2023\/10\/Vorab-Bild2-1024x684.jpg 1024w, https:\/\/eeao.de\/wordpress\/wp-content\/uploads\/2023\/10\/Vorab-Bild2-300x200.jpg 300w, https:\/\/eeao.de\/wordpress\/wp-content\/uploads\/2023\/10\/Vorab-Bild2-768x513.jpg 768w, https:\/\/eeao.de\/wordpress\/wp-content\/uploads\/2023\/10\/Vorab-Bild2-1536x1025.jpg 1536w, https:\/\/eeao.de\/wordpress\/wp-content\/uploads\/2023\/10\/Vorab-Bild2-2048x1367.jpg 2048w\" sizes=\"auto, (max-width: 767px) 89vw, (max-width: 1000px) 54vw, (max-width: 1071px) 543px, 580px\" \/><\/a><figcaption class=\"wp-element-caption\">Unser Dirigent Peter Lohmar in Aktion.<\/figcaption><\/figure>\n","protected":false},"excerpt":{"rendered":"<p>Das Erste Essener Akkordeon-Orchester e.V. (EEAO) wurde 1952 gegr\u00fcndet und besteht zurzeit aus \u00fcber 25 aktiven Spielern. Im Jahr 2018 hat Peter Lohmar die musikalische Leitung des Orchesters \u00fcbernommen\u00a0 (Link &hellip; <\/p>\n<p class=\"link-more\"><a href=\"https:\/\/eeao.de\/wordpress\/orchester\/\" class=\"more-link\"><span class=\"screen-reader-text\">\u201eOrchester\u201c <\/span>weiterlesen<\/a><\/p>\n","protected":false},"author":1,"featured_media":0,"parent":0,"menu_order":0,"comment_status":"closed","ping_status":"closed","template":"","meta":{"_EventAllDay":false,"_EventTimezone":"","_EventStartDate":"","_EventEndDate":"","_EventStartDateUTC":"","_EventEndDateUTC":"","_EventShowMap":false,"_EventShowMapLink":false,"_EventURL":"","_EventCost":"","_EventCostDescription":"","_EventCurrencySymbol":"","_EventCurrencyCode":"","_EventCurrencyPosition":"","_EventDateTimeSeparator":"","_EventTimeRangeSeparator":"","_EventOrganizerID":[],"_EventVenueID":[],"_OrganizerEmail":"","_OrganizerPhone":"","_OrganizerWebsite":"","_VenueAddress":"","_VenueCity":"","_VenueCountry":"","_VenueProvince":"","_VenueState":"","_VenueZip":"","_VenuePhone":"","_VenueURL":"","_VenueStateProvince":"","_VenueLat":"","_VenueLng":"","_VenueShowMap":false,"_VenueShowMapLink":false,"footnotes":""},"class_list":["post-15","page","type-page","status-publish","hentry"],"_links":{"self":[{"href":"https:\/\/eeao.de\/wordpress\/wp-json\/wp\/v2\/pages\/15","targetHints":{"allow":["GET"]}}],"collection":[{"href":"https:\/\/eeao.de\/wordpress\/wp-json\/wp\/v2\/pages"}],"about":[{"href":"https:\/\/eeao.de\/wordpress\/wp-json\/wp\/v2\/types\/page"}],"author":[{"embeddable":true,"href":"https:\/\/eeao.de\/wordpress\/wp-json\/wp\/v2\/users\/1"}],"replies":[{"embeddable":true,"href":"https:\/\/eeao.de\/wordpress\/wp-json\/wp\/v2\/comments?post=15"}],"version-history":[{"count":28,"href":"https:\/\/eeao.de\/wordpress\/wp-json\/wp\/v2\/pages\/15\/revisions"}],"predecessor-version":[{"id":723,"href":"https:\/\/eeao.de\/wordpress\/wp-json\/wp\/v2\/pages\/15\/revisions\/723"}],"wp:attachment":[{"href":"https:\/\/eeao.de\/wordpress\/wp-json\/wp\/v2\/media?parent=15"}],"curies":[{"name":"wp","href":"https:\/\/api.w.org\/{rel}","templated":true}]}}