{"id":39,"date":"2011-09-09T22:10:36","date_gmt":"2011-09-09T22:10:36","guid":{"rendered":"http:\/\/eeao.de\/wordpress\/?page_id=39"},"modified":"2018-08-03T18:49:28","modified_gmt":"2018-08-03T16:49:28","slug":"impressum","status":"publish","type":"page","link":"https:\/\/eeao.de\/wordpress\/impressum\/","title":{"rendered":"Impressum"},"content":{"rendered":"<p>Erstes Essener Akkordeonorchester e.V.<\/p>\n<p>Isolde Berg<br \/>\nLeibergweg 16<br \/>\n45257 Essen<\/p>\n<p>Telefon: 0201 9466088<br \/>\nE-Mail: eeao[at]gmx.de<br \/>\nInternet: <a href=\"http:\/\/www.eeao.de\/\">www.eeao.de<\/a><\/p>\n<p>Vertretungsberechtigter Vorstand:<br \/>\nIsolde Berg (1. Vorsitzende)<br \/>\nPetra Dapprich (Stellv. Vorsitzende)<br \/>\nRegistergericht Amtsgericht Essen<br \/>\nRegisternummer VR 3745<br \/>\nSteuer-Nr. 112 \/ 5745 \/ 0309<\/p>\n<p>&nbsp;<\/p>\n<p><center><strong>DISCLAIMER<\/strong><\/center><strong>1. Haftungsbeschr\u00e4nkung<\/strong><\/p>\n<p>Die Webseite wurde mit gr\u00f6\u00dftm\u00f6glicher Sorgfalt erstellt. Der Anbieter dieser Webseite \u00fcbernimmt dennoch keine Gew\u00e4hr f\u00fcr die Richtigkeit, Vollst\u00e4ndigkeit und Aktualit\u00e4t der bereitgestellten Inhalte und Informationen. Die Nutzung der Webseiteninhalte erfolgt auf eigene Gefahr. Allein durch die Nutzung der Website kommt keinerlei Vertragsverh\u00e4ltnis zwischen dem Nutzer und dem Anbieter zustande.<\/p>\n<p><strong>2. Verlinkungen<\/strong><\/p>\n<p>Die Webseite enth\u00e4lt Verlinkungen zu anderen Webseiten (&#8222;externe Links&#8220;). Diese Webseiten unterliegen der Haftung der jeweiligen Seitenbetreiber. Bei Verkn\u00fcpfung der externen Links waren keine Rechtsverst\u00f6\u00dfe ersichtlich. Auf die aktuelle und k\u00fcnftige Gestaltung der verlinkten Seiten hat der Anbieter keinen Einfluss. Die permanente \u00dcberpr\u00fcfung der externen Links ist f\u00fcr den Anbieter ohne konkrete Hinweise auf Rechtsverst\u00f6\u00dfe nicht zumutbar. Bei Bekanntwerden von Rechtsverst\u00f6\u00dfen werden die betroffenen externen Links unverz\u00fcglich gel\u00f6scht.<\/p>\n<p><strong>3. Urheberrecht \/ Leistungsschutzrecht<\/strong><\/p>\n<p>Die auf dieser Webseite durch den Anbieter ver\u00f6ffentlichten Inhalte unterliegen dem deutschen Urheberrecht und Leistungsschutzrecht. Alle vom deutschen Urheber- und Leistungsschutzrecht nicht zugelassene Verwertung bedarf der vorherigen schriftlichen Zustimmung des Anbieters oder jeweiligen Rechteinhabers. Dies gilt vor allem f\u00fcr Vervielf\u00e4ltigung, Bearbeitung, \u00dcbersetzung, Einspeicherung, Verarbeitung bzw. Wiedergabe von Inhalten in Datenbanken oder anderen elektronischen Medien und Systemen. Dabei sind Inhalte und Rechte Dritter als solche gekennzeichnet. Das unerlaubte Kopieren der Webseiteninhalte oder der kompletten Webseite ist nicht gestattet und strafbar. Lediglich die Herstellung von Kopien und Downloads f\u00fcr den pers\u00f6nlichen, privaten und nicht kommerziellen Gebrauch ist erlaubt.<\/p>\n<p>Diese Website darf ohne schriftliche Erlaubnis nicht durch Dritte in Frames oder iFrames dargestellt werden.<\/p>\n<p><strong>4. Datenschutz<\/strong><\/p>\n<p>Mit dem Besuch dieser Webseite k\u00f6nnen Informationen \u00fcber den Zugriff gespeichert werden. Diese Daten wie Uhrzeit, Datum und die betrachtete Seite geh\u00f6ren nicht zu den personenbezogenen Daten, sondern sind anonymisiert. Dies werden nur aus statistischen Zwecken erfasst. Eine Weitergabe an Dritte, zu kommerziellen oder nichtkommerziellen Zwecken, erfolgt nicht.<\/p>\n<p>Der Anbieter weist ausdr\u00fccklich darauf hin, dass die Daten\u00fcbertragung im Internet (z.B. bei der Kommunikation per E-Mail) Sicherheitsl\u00fccken aufweisen und nicht l\u00fcckenlos vor dem Zugriff durch Dritte gesch\u00fctzt werden kann.<\/p>\n<p>Die Verwendung der Kontaktdaten des Impressums zur gewerblichen Werbung ist ausdr\u00fccklich nicht erw\u00fcnscht, es sei denn der Anbieter hatte zuvor seine schriftliche Einwilligung erteilt oder es besteht bereits eine Gesch\u00e4ftsbeziehung. Der Anbieter und alle auf dieser Website genannten Personen widersprechen hiermit jeder kommerziellen Verwendung und Weitergabe ihrer Daten.<\/p>\n<p>Quelle: <a href=\"http:\/\/www.fachanwalt.de\/\">www.fachanwalt.de<\/a><\/p>\n","protected":false},"excerpt":{"rendered":"<p>Erstes Essener Akkordeonorchester e.V. Isolde Berg Leibergweg 16 45257 Essen Telefon: 0201 9466088 E-Mail: eeao[at]gmx.de Internet: www.eeao.de Vertretungsberechtigter Vorstand: Isolde Berg (1. Vorsitzende) Petra Dapprich (Stellv. Vorsitzende) Registergericht Amtsgericht Essen &hellip; <\/p>\n<p class=\"link-more\"><a href=\"https:\/\/eeao.de\/wordpress\/impressum\/\" class=\"more-link\"><span class=\"screen-reader-text\">\u201eImpressum\u201c <\/span>weiterlesen<\/a><\/p>\n","protected":false},"author":1,"featured_media":0,"parent":0,"menu_order":0,"comment_status":"closed","ping_status":"closed","template":"","meta":{"_EventAllDay":false,"_EventTimezone":"","_EventStartDate":"","_EventEndDate":"","_EventStartDateUTC":"","_EventEndDateUTC":"","_EventShowMap":false,"_EventShowMapLink":false,"_EventURL":"","_EventCost":"","_EventCostDescription":"","_EventCurrencySymbol":"","_EventCurrencyCode":"","_EventCurrencyPosition":"","_EventDateTimeSeparator":"","_EventTimeRangeSeparator":"","_EventOrganizerID":[],"_EventVenueID":[],"_OrganizerEmail":"","_OrganizerPhone":"","_OrganizerWebsite":"","_VenueAddress":"","_VenueCity":"","_VenueCountry":"","_VenueProvince":"","_VenueState":"","_VenueZip":"","_VenuePhone":"","_VenueURL":"","_VenueStateProvince":"","_VenueLat":"","_VenueLng":"","_VenueShowMap":false,"_VenueShowMapLink":false,"footnotes":""},"class_list":["post-39","page","type-page","status-publish","hentry"],"_links":{"self":[{"href":"https:\/\/eeao.de\/wordpress\/wp-json\/wp\/v2\/pages\/39","targetHints":{"allow":["GET"]}}],"collection":[{"href":"https:\/\/eeao.de\/wordpress\/wp-json\/wp\/v2\/pages"}],"about":[{"href":"https:\/\/eeao.de\/wordpress\/wp-json\/wp\/v2\/types\/page"}],"author":[{"embeddable":true,"href":"https:\/\/eeao.de\/wordpress\/wp-json\/wp\/v2\/users\/1"}],"replies":[{"embeddable":true,"href":"https:\/\/eeao.de\/wordpress\/wp-json\/wp\/v2\/comments?post=39"}],"version-history":[{"count":10,"href":"https:\/\/eeao.de\/wordpress\/wp-json\/wp\/v2\/pages\/39\/revisions"}],"predecessor-version":[{"id":426,"href":"https:\/\/eeao.de\/wordpress\/wp-json\/wp\/v2\/pages\/39\/revisions\/426"}],"wp:attachment":[{"href":"https:\/\/eeao.de\/wordpress\/wp-json\/wp\/v2\/media?parent=39"}],"curies":[{"name":"wp","href":"https:\/\/api.w.org\/{rel}","templated":true}]}}